{"id":1503,"date":"2020-11-20T15:26:08","date_gmt":"2020-11-20T13:26:08","guid":{"rendered":"https:\/\/ercolina.ee\/about-us\/"},"modified":"2022-02-13T16:40:46","modified_gmt":"2022-02-13T14:40:46","slug":"o-firmie","status":"publish","type":"page","link":"https:\/\/ercolina.ee\/pl\/o-firmie\/","title":{"rendered":"O firmie"},"content":{"rendered":"<div class=\"b-block pad-top-50 pad-bottom-50\"><div class=\"p-txtmedia b-part p-txtmedia container-p0 p-txtmedia--center\"><div class=\"p-txtmedia__media\"><a class=\"p-txtmedia__link\" href=\"https:\/\/ercolina.ee\/wp-content\/uploads\/2021\/02\/ercolina-house-scaled.jpg\"><img width=\"570\" height=\"380\" src=\"https:\/\/ercolina.ee\/wp-content\/uploads\/2021\/02\/ercolina-house-570x380.jpg\" class=\"p-txtmedia__media-image\" alt=\"\" decoding=\"async\" loading=\"lazy\" srcset=\"https:\/\/ercolina.ee\/wp-content\/uploads\/2021\/02\/ercolina-house-570x380.jpg 570w, https:\/\/ercolina.ee\/wp-content\/uploads\/2021\/02\/ercolina-house-1024x683.jpg 1024w, https:\/\/ercolina.ee\/wp-content\/uploads\/2021\/02\/ercolina-house-230x153.jpg 230w, https:\/\/ercolina.ee\/wp-content\/uploads\/2021\/02\/ercolina-house-90x60.jpg 90w, https:\/\/ercolina.ee\/wp-content\/uploads\/2021\/02\/ercolina-house-144x96.jpg 144w\" sizes=\"(max-width: 570px) 100vw, 570px\" \/><\/a><\/div><div class=\"p-txtmedia__content\"><div class=\"p-txtmedia__text editor-content\"><h3>W\u0142oska firma CML International S.p.A. zosta\u0142a za\u0142o\u017cona w 1973 roku,<br \/>\nkiedy rozpocz\u0119li\u015bmy produkcj\u0119 r\u0119cznych narz\u0119dzi do gi\u0119cia znanych obecnie jako &#8222;Jolly&#8221; i &#8222;Junior&#8221;.<br \/>\n<\/h3>\n<p>Opatentowana marka Ercolina szybko sta\u0142a si\u0119 znan\u0105 i wiod\u0105c\u0105 mark\u0105 na \u015bwiatowych rynkach.<\/p>\n<p>Z czasem Ercolina rozpocz\u0119\u0142a produkcj\u0119 maszyn do formowania rolkowego, pras poziomych, maszyn do \u0142\u0105czenia rur i innych urz\u0105dze\u0144, kt\u00f3re zosta\u0142y opracowane od podstaw. Ca\u0142y sprz\u0119t jest produkowany w naszej fabryce we W\u0142oszech niedaleko Neapolu.<\/p>\n<p>Wieloletnie do\u015bwiadczenie i nowoczesny sprz\u0119t produkcyjny pozwalaj\u0105 firmie Ercolina produkowa\u0107 nowe modele p\u00f3\u0142automatycznych i automatycznych maszyn trzpieniowych, wyposa\u017conych w CNC i zapewniaj\u0105cych doskona\u0142\u0105 jako\u015b\u0107 gi\u0119cia rur.<\/p>\n<\/div><\/div><\/div><\/div>\n\n\n<p class=\"wp-el\">Czynnikami sukcesu firmy s\u0105 ci\u0105g\u0142e inwestycje w badania i rozw\u00f3j (ponad 7% zysk\u00f3w), najwy\u017cszej jako\u015bci materia\u0142y i profesjonalny personel (150 pracownik\u00f3w), rozbudowana sie\u0107 dystrybucji (ponad 60 dealer\u00f3w we W\u0142oszech, ponad 200 dystrybutor\u00f3w na ca\u0142ym \u015bwiecie i 3 oddzia\u0142y w nast\u0119puj\u0105cych krajach: Niemcy, USA i Korea Po\u0142udniowa).<\/p>\n\n\n\n<p class=\"wp-el\">Zak\u0142ad produkcyjny, po\u0142o\u017cony w r\u00f3wnej odleg\u0142o\u015bci mi\u0119dzy Rzymem a Neapolem (oko\u0142o 90 km) zajmuje powierzchni\u0119 ponad 10 000 mkw. to najnowocze\u015bniejsze centrum technologiczne specjalistycznych maszyn do obr\u00f3bki metali.<\/p>\n\n\n\n<p class=\"wp-el\">Firma przywi\u0105zuje du\u017c\u0105 wag\u0119 do zarz\u0105dzania jako\u015bci\u0105 i zobowi\u0105zuje si\u0119 do przestrzegania wysokich standard\u00f3w \u015brodowiskowych produkcji. CML International S.p.A. nagrodzony certyfikatami UNI EN ISO 9001:2000 i 14001:2004.<\/p>\n\n\n\n<p class=\"wp-el\">Zak\u0142ad CML International S.p.A. znajduj\u0105cy si\u0119 w Piedimonte San Germano we W\u0142oszech jest jedynym zak\u0142adem oficjalnie produkuj\u0105cym maszyny Ercolina.<\/p>\n\n\n\n<p class=\"wp-el\"><\/p>\n\n\n\n<h3 class=\"wp-el\" id=\"ercolina-dealer-in-estonia\"><strong>Ercolina dealer in Estonia:<\/strong><\/h3>\n\n\n\n<p class=\"wp-el\"><strong>EstBender O\u00dc<\/strong><br>Tulika 15\/17, korpus D (Tulika Business House)<br>Tallinn 10613<br>Mobilny \/ WhatsApp: <a href=\"tel:+37255595752\">+372 555 957 52<\/a><br>Fax: +372 698 03 37<br><a class=\"rank-math-link\" href=\"mailto:info@ercolina.ee\">info@ercolina.ee<\/a><\/p>\n","protected":false},"excerpt":{"rendered":"<p>Czynnikami sukcesu firmy s\u0105 ci\u0105g\u0142e inwestycje w badania i rozw\u00f3j (ponad 7% zysk\u00f3w), najwy\u017cszej jako\u015bci materia\u0142y i profesjonalny personel (150&#8230;<\/p>\n","protected":false},"author":1,"featured_media":0,"parent":0,"menu_order":14,"comment_status":"closed","ping_status":"closed","template":"","meta":{"_mi_skip_tracking":false},"acf":[],"_links":{"self":[{"href":"https:\/\/ercolina.ee\/pl\/wp-json\/wp\/v2\/pages\/1503"}],"collection":[{"href":"https:\/\/ercolina.ee\/pl\/wp-json\/wp\/v2\/pages"}],"about":[{"href":"https:\/\/ercolina.ee\/pl\/wp-json\/wp\/v2\/types\/page"}],"author":[{"embeddable":true,"href":"https:\/\/ercolina.ee\/pl\/wp-json\/wp\/v2\/users\/1"}],"replies":[{"embeddable":true,"href":"https:\/\/ercolina.ee\/pl\/wp-json\/wp\/v2\/comments?post=1503"}],"version-history":[{"count":3,"href":"https:\/\/ercolina.ee\/pl\/wp-json\/wp\/v2\/pages\/1503\/revisions"}],"predecessor-version":[{"id":1540,"href":"https:\/\/ercolina.ee\/pl\/wp-json\/wp\/v2\/pages\/1503\/revisions\/1540"}],"wp:attachment":[{"href":"https:\/\/ercolina.ee\/pl\/wp-json\/wp\/v2\/media?parent=1503"}],"curies":[{"name":"wp","href":"https:\/\/api.w.org\/{rel}","templated":true}]}}